{"id":458,"date":"2023-11-08T09:14:48","date_gmt":"2023-11-08T09:14:48","guid":{"rendered":"https:\/\/anim2.animko.pl\/?page_id=458"},"modified":"2023-11-08T09:19:12","modified_gmt":"2023-11-08T09:19:12","slug":"podstawy-prototypowania-aplikacji-w-figma","status":"publish","type":"page","link":"https:\/\/anim2.animko.pl\/index.php\/podstawy-prototypowania-aplikacji-w-figma\/","title":{"rendered":"Podstawy prototypowania aplikacji w Figma"},"content":{"rendered":"\n[et_pb_section fb_built=&#8221;1&#8243; _builder_version=&#8221;4.16&#8243; _module_preset=&#8221;default&#8221; background_color=&#8221;#121e1c&#8221; global_colors_info=&#8221;{}&#8221;][et_pb_row column_structure=&#8221;1_3,1_3,1_3&#8243; _builder_version=&#8221;4.16&#8243; _module_preset=&#8221;default&#8221; global_colors_info=&#8221;{}&#8221;][et_pb_column type=&#8221;1_3&#8243; _builder_version=&#8221;4.16&#8243; _module_preset=&#8221;default&#8221; global_colors_info=&#8221;{}&#8221;][et_pb_text _builder_version=&#8221;4.23.1&#8243; _module_preset=&#8221;default&#8221; header_text_color=&#8221;#a8a8a8&#8243; hover_enabled=&#8221;0&#8243; global_colors_info=&#8221;{}&#8221; sticky_enabled=&#8221;0&#8243;]<h1>Projektowanie w Figma cz\u0119\u015b\u0107 1.<\/h1>[\/et_pb_text][et_pb_video src=&#8221;https:\/\/youtu.be\/L8eernmytrM?feature=shared&#8221; _builder_version=&#8221;4.23.1&#8243; _module_preset=&#8221;default&#8221; hover_enabled=&#8221;0&#8243; global_colors_info=&#8221;{}&#8221; sticky_enabled=&#8221;0&#8243;][\/et_pb_video][\/et_pb_column][et_pb_column type=&#8221;1_3&#8243; _builder_version=&#8221;4.16&#8243; _module_preset=&#8221;default&#8221; global_colors_info=&#8221;{}&#8221;][et_pb_text _builder_version=&#8221;4.23.1&#8243; _module_preset=&#8221;default&#8221; header_text_color=&#8221;#a8a8a8&#8243; hover_enabled=&#8221;0&#8243; global_colors_info=&#8221;{}&#8221; sticky_enabled=&#8221;0&#8243;]<h1>Projektowanie w Figma cz\u0119\u015b\u0107 2.<\/h1>[\/et_pb_text][et_pb_video src=&#8221;https:\/\/youtu.be\/aMRarEuVlkQ?feature=shared&#8221; _builder_version=&#8221;4.23.1&#8243; _module_preset=&#8221;default&#8221; hover_enabled=&#8221;0&#8243; global_colors_info=&#8221;{}&#8221; sticky_enabled=&#8221;0&#8243;][\/et_pb_video][\/et_pb_column][et_pb_column type=&#8221;1_3&#8243; _builder_version=&#8221;4.16&#8243; _module_preset=&#8221;default&#8221; global_colors_info=&#8221;{}&#8221;][\/et_pb_column][\/et_pb_row][et_pb_row _builder_version=&#8221;4.23.1&#8243; _module_preset=&#8221;default&#8221; custom_padding=&#8221;8px|||||&#8221;][et_pb_column _builder_version=&#8221;4.23.1&#8243; _module_preset=&#8221;default&#8221; type=&#8221;4_4&#8243;][et_pb_text _builder_version=&#8221;4.23.1&#8243; _module_preset=&#8221;default&#8221; hover_enabled=&#8221;0&#8243; sticky_enabled=&#8221;0&#8243;]<p><span>Samouczek polecam wszystkim osobom, kt\u00f3re nie mia\u0142y wcze\u015bniej okazji spotka\u0107 si\u0119 z programem do prototypowania, w kt\u00f3rym projektujemy interaktywno\u015b\u0107 projektu i animacj\u0119.<\/span><\/p>[\/et_pb_text][\/et_pb_column][\/et_pb_row][\/et_pb_section]\n","protected":false},"excerpt":{"rendered":"<p>Projektowanie w Figma cz\u0119\u015b\u0107 1.Projektowanie w Figma cz\u0119\u015b\u0107 2.Samouczek polecam wszystkim osobom, kt\u00f3re nie mia\u0142y wcze\u015bniej okazji spotka\u0107 si\u0119 z programem do prototypowania, w kt\u00f3rym projektujemy interaktywno\u015b\u0107 projektu i animacj\u0119.<\/p>\n","protected":false},"author":1,"featured_media":0,"parent":0,"menu_order":0,"comment_status":"closed","ping_status":"closed","template":"","meta":{"_et_pb_use_builder":"on","_et_pb_old_content":"","_et_gb_content_width":"","footnotes":""},"class_list":["post-458","page","type-page","status-publish","hentry"],"_links":{"self":[{"href":"https:\/\/anim2.animko.pl\/index.php\/wp-json\/wp\/v2\/pages\/458","targetHints":{"allow":["GET"]}}],"collection":[{"href":"https:\/\/anim2.animko.pl\/index.php\/wp-json\/wp\/v2\/pages"}],"about":[{"href":"https:\/\/anim2.animko.pl\/index.php\/wp-json\/wp\/v2\/types\/page"}],"author":[{"embeddable":true,"href":"https:\/\/anim2.animko.pl\/index.php\/wp-json\/wp\/v2\/users\/1"}],"replies":[{"embeddable":true,"href":"https:\/\/anim2.animko.pl\/index.php\/wp-json\/wp\/v2\/comments?post=458"}],"version-history":[{"count":3,"href":"https:\/\/anim2.animko.pl\/index.php\/wp-json\/wp\/v2\/pages\/458\/revisions"}],"predecessor-version":[{"id":463,"href":"https:\/\/anim2.animko.pl\/index.php\/wp-json\/wp\/v2\/pages\/458\/revisions\/463"}],"wp:attachment":[{"href":"https:\/\/anim2.animko.pl\/index.php\/wp-json\/wp\/v2\/media?parent=458"}],"curies":[{"name":"wp","href":"https:\/\/api.w.org\/{rel}","templated":true}]}}