{"id":182,"date":"2022-03-30T06:17:10","date_gmt":"2022-03-30T06:17:10","guid":{"rendered":"https:\/\/anim2.animko.pl\/?page_id=182"},"modified":"2022-10-03T20:45:56","modified_gmt":"2022-10-03T20:45:56","slug":"historia-animacji","status":"publish","type":"page","link":"https:\/\/anim2.animko.pl\/index.php\/historia-animacji\/","title":{"rendered":"Historia animacji"},"content":{"rendered":"<p>[et_pb_section fb_built=&#8221;1&#8243; _builder_version=&#8221;4.16&#8243; _module_preset=&#8221;default&#8221; use_background_color_gradient=&#8221;on&#8221; background_color_gradient_stops=&#8221;#182428 0%|#273d34 100%&#8221; background_color_gradient_start=&#8221;#182428&#8243; background_color_gradient_end=&#8221;#273d34&#8243; global_colors_info=&#8221;{}&#8221;][et_pb_row column_structure=&#8221;1_2,1_2&#8243; use_custom_gutter=&#8221;on&#8221; gutter_width=&#8221;2&#8243; make_equal=&#8221;on&#8221; _builder_version=&#8221;4.16&#8243; _module_preset=&#8221;default&#8221; width=&#8221;90%&#8221; max_width=&#8221;1600px&#8221; global_colors_info=&#8221;{}&#8221;][et_pb_column type=&#8221;1_2&#8243; _builder_version=&#8221;4.16&#8243; _module_preset=&#8221;default&#8221; global_colors_info=&#8221;{}&#8221;][et_pb_text _builder_version=&#8221;4.16&#8243; _module_preset=&#8221;default&#8221; text_text_color=&#8221;#FFFFFF&#8221; header_text_color=&#8221;#FFFFFF&#8221; custom_padding=&#8221;||26px|||&#8221; global_colors_info=&#8221;{}&#8221;]<\/p>\n<h1 style=\"text-align: center;\">Z historii animacji<\/h1>\n<p>[\/et_pb_text][et_pb_text _builder_version=&#8221;4.16&#8243; _module_preset=&#8221;default&#8221; text_text_color=&#8221;#999999&#8243; text_font_size=&#8221;22px&#8221; text_line_height=&#8221;1.4em&#8221; custom_padding=&#8221;8px|||||&#8221; global_colors_info=&#8221;{}&#8221;]<\/p>\n<p>Zamieszczony poni\u017cej link do wybranych film\u00f3w animowanych maj\u0105cych jakie\u015b znaczenie w historii animacji. S\u0105 to kr\u00f3tkie filmy. Ich obejrzenie mo\u017ce by\u0107 inspiracj\u0105 dla Twoich projekt\u00f3w animacyjnych.<\/p>\n<p>[\/et_pb_text][et_pb_video src=&#8221;https:\/\/www.youtube.com\/playlist?list=PLaIvcWyIfoz_xjeGZLO2w3o-qUIup1jl0&#8243; _builder_version=&#8221;4.16&#8243; _module_preset=&#8221;default&#8221; custom_margin=&#8221;||78px|||&#8221; border_radii=&#8221;on|20px|20px|20px|20px&#8221; border_width_all=&#8221;3px&#8221; border_color_all=&#8221;#000000&#8243; global_colors_info=&#8221;{}&#8221;][\/et_pb_video][et_pb_text _builder_version=&#8221;4.16&#8243; _module_preset=&#8221;default&#8221; text_text_color=&#8221;#FFFFFF&#8221; header_text_color=&#8221;#FFFFFF&#8221; custom_padding=&#8221;||0px|||&#8221; global_colors_info=&#8221;{}&#8221;]<\/p>\n<h1 style=\"text-align: center;\">Polecany film<\/h1>\n<p>[\/et_pb_text][et_pb_blog include_categories=&#8221;16&#8243; _builder_version=&#8221;4.17.1&#8243; _module_preset=&#8221;default&#8221; transform_scale=&#8221;80%|80%&#8221; custom_margin=&#8221;-58px|||||&#8221; global_colors_info=&#8221;{}&#8221;][\/et_pb_blog][et_pb_video src=&#8221;https:\/\/youtu.be\/r16GL3N4PdM&#8221; _builder_version=&#8221;4.16&#8243; _module_preset=&#8221;default&#8221; transform_scale=&#8221;80%|80%&#8221; custom_margin=&#8221;-36px|||||&#8221; animation_style=&#8221;slide&#8221; animation_direction=&#8221;bottom&#8221; border_radii=&#8221;on|18px|18px|18px|18px&#8221; global_colors_info=&#8221;{}&#8221;][\/et_pb_video][et_pb_text _builder_version=&#8221;4.16&#8243; _module_preset=&#8221;default&#8221; custom_margin=&#8221;-46px|||||&#8221; global_colors_info=&#8221;{}&#8221;]<\/p>\n<p>Gdyby my\u015ble\u0107 o filmie instrukta\u017cowym w nieszablonowy spos\u00f3b, to w\u0142a\u015bnie ten film, sprzed 50 lat, jest tego dobrym przyk\u0142adem.<\/p>\n<p>[\/et_pb_text][\/et_pb_column][et_pb_column type=&#8221;1_2&#8243; _builder_version=&#8221;4.16&#8243; _module_preset=&#8221;default&#8221; global_colors_info=&#8221;{}&#8221;][et_pb_text _builder_version=&#8221;4.16&#8243; _module_preset=&#8221;default&#8221; text_text_color=&#8221;#FFFFFF&#8221; header_text_color=&#8221;#FFFFFF&#8221; custom_padding=&#8221;||0px|||&#8221; global_colors_info=&#8221;{}&#8221;]<\/p>\n<h1 style=\"text-align: center;\">KLIP TYGODNIA<\/h1>\n<p>[\/et_pb_text][et_pb_blog include_categories=&#8221;14&#8243; _builder_version=&#8221;4.16&#8243; _module_preset=&#8221;default&#8221; global_colors_info=&#8221;{}&#8221;][\/et_pb_blog][\/et_pb_column][\/et_pb_row][\/et_pb_section]<\/p>\n","protected":false},"excerpt":{"rendered":"<p>Z historii animacjiZamieszczony poni\u017cej link do wybranych film\u00f3w animowanych maj\u0105cych jakie\u015b znaczenie w historii animacji. S\u0105 to kr\u00f3tkie filmy. Ich obejrzenie mo\u017ce by\u0107 inspiracj\u0105 dla Twoich projekt\u00f3w animacyjnych.Polecany filmGdyby my\u015ble\u0107 o filmie instrukta\u017cowym w nieszablonowy spos\u00f3b, to w\u0142a\u015bnie ten film, sprzed 50 lat, jest tego dobrym przyk\u0142adem.KLIP TYGODNIA<\/p>\n","protected":false},"author":1,"featured_media":0,"parent":0,"menu_order":0,"comment_status":"closed","ping_status":"closed","template":"","meta":{"_et_pb_use_builder":"on","_et_pb_old_content":"","_et_gb_content_width":"","footnotes":""},"class_list":["post-182","page","type-page","status-publish","hentry"],"_links":{"self":[{"href":"https:\/\/anim2.animko.pl\/index.php\/wp-json\/wp\/v2\/pages\/182","targetHints":{"allow":["GET"]}}],"collection":[{"href":"https:\/\/anim2.animko.pl\/index.php\/wp-json\/wp\/v2\/pages"}],"about":[{"href":"https:\/\/anim2.animko.pl\/index.php\/wp-json\/wp\/v2\/types\/page"}],"author":[{"embeddable":true,"href":"https:\/\/anim2.animko.pl\/index.php\/wp-json\/wp\/v2\/users\/1"}],"replies":[{"embeddable":true,"href":"https:\/\/anim2.animko.pl\/index.php\/wp-json\/wp\/v2\/comments?post=182"}],"version-history":[{"count":13,"href":"https:\/\/anim2.animko.pl\/index.php\/wp-json\/wp\/v2\/pages\/182\/revisions"}],"predecessor-version":[{"id":376,"href":"https:\/\/anim2.animko.pl\/index.php\/wp-json\/wp\/v2\/pages\/182\/revisions\/376"}],"wp:attachment":[{"href":"https:\/\/anim2.animko.pl\/index.php\/wp-json\/wp\/v2\/media?parent=182"}],"curies":[{"name":"wp","href":"https:\/\/api.w.org\/{rel}","templated":true}]}}